{"id":24,"date":"2015-02-15T12:34:13","date_gmt":"2015-02-15T12:34:13","guid":{"rendered":"http:\/\/riittanikula.fi\/?page_id=24"},"modified":"2019-02-24T13:35:33","modified_gmt":"2019-02-24T13:35:33","slug":"bio-in-finnish","status":"publish","type":"page","link":"https:\/\/riittanikula.fi\/?page_id=24","title":{"rendered":"cv"},"content":{"rendered":"<p><span style=\"text-decoration: underline\"><strong>Riitta Nikula<\/strong><\/span>&nbsp;&nbsp; s. 15.3.1944<\/p>\n<p>Filosofian tohtori, Helsingin yliopisto 1981.<\/p>\n<p><strong>P\u00e4\u00e4ty\u00f6t<\/strong><\/p>\n<p>Helsingin yliopiston taidehistorian professori 1994-2007.<\/p>\n<p>Suomen rakennustaiteen museon tutkimusp\u00e4\u00e4llikk\u00f6 1988-94.<\/p>\n<p>Suomen akatemian ja Helsingin yliopiston eri viroissa 1970-88.<\/p>\n<p>Suomen rakennustaiteen museon palveluksessa 1967-70.<\/p>\n<p>Ilta-Sanomien teatteritoimittaja 1965-67.<\/p>\n<p><strong>Toiminta tutkijakoulutuksessa<\/strong><\/p>\n<p>Suomen akatemian tutkimushankkeet:&nbsp;Nainen, taide, historia 1985,&nbsp;Arjen taidehistoria 1990<\/p>\n<p>Taidehistorian valtakunnallisen tutkijakoulun johtaja 1999-2007.<\/p>\n<p>Viron Taideakatemian tohtorineuvoston j\u00e4sen 1994-2007.<\/p>\n<p>Ohjannut yli 20 taidehistorian v\u00e4it\u00f6skirjaa.<\/p>\n<p>Vastav\u00e4itt\u00e4j\u00e4n\u00e4 16 v\u00e4it\u00f6stilaisuudessa: Helsingin yliopisto 3, Jyv\u00e4skyl\u00e4n yliopisto 1, Teknillinen Korkeakoulu 3, Taideteollinen korkeakoulu 1, Oulun yliopisto 2, Stockholms Universitet 1, Ume\u00e5 Universitet 1, Oslo Universitet 2, Eesti Kunstiakadeemia 1, Kungliga Tekniska H\u00f6gskolan 1.<\/p>\n<p>Lis\u00e4ksi kerran j\u00e4sen arvosanalautakunnassa Chalmers Tekniska H\u00f6gskolanissa ja Pariisin I yliopistossa.<\/p>\n<p><strong>Julkaisut<\/strong><\/p>\n<p>Helsingin yliopiston tietokannat, haku kirjoittajan nimell\u00e4:<\/p>\n<p><span class=\"Apple-style-span\"><a href=\"http:\/\/tuhat.halvi.helsinki.fi\/portal\/fi\/person\/rknikula\" target=\"_blank\" rel=\"noopener noreferrer\">http:\/\/tuhat.halvi.helsinki.fi\/portal\/fi\/person\/rknikula<\/a><\/span><\/p>\n<p>Helsingin yliopiston kirjaston <a href=\"https:\/\/arto.linneanet.fi\/vwebv\/search?searchArg1=nikula&#038;argType1=all&#038;searchCode1=NKEY&#038;combine2=and&#038;searchArg2=riitta&#038;argType2=any&#038;searchCode2=NKEY&#038;combine3=and&#038;searchArg3=&#038;argType3=any&#038;searchCode3=GKEY&#038;year=2013-2015&#038;fromYear=&#038;toYear=&#038;location=all&#038;place=all&#038;medium=all&#038;language=all&#038;recCount=50&#038;searchType=2&#038;page.search.search.button=Hae\" target=\"_blank\" rel=\"noopener noreferrer\">artikkeliviitetietokanta<\/a>.<\/p>\n<p><strong>T\u00e4rkeimpi\u00e4:<\/strong><\/p>\n<p>Yhten\u00e4inen kaupunkikuva 1900-1930. Suomalaisen kaupunkirakentamisen ihanteista ja p\u00e4\u00e4m\u00e4\u00e4rist\u00e4, esimerkkein\u00e4 Helsingin Etu-T\u00f6\u00f6l\u00f6 ja Uusi Vallila. Suomen Tiedeseura 1981.(diss)<\/p>\n<p>Suomen 1920- ja 1930-luvun arkkitehtuuria k\u00e4sittelev\u00e4 osuus teossarjassa Ars, Suomen taide osassa 5. Otava 1990.<\/p>\n<p>Armas Lindgren 1874-1929. Arkkitehti. Architect. Suomen rakennustaiteen museo 1988.<\/p>\n<p>Erik Bryggman 1891-1955. Arkkitehti. Arkitekt. Architect. Suomen rakennustaiteen museo 1991. (Toimittaja ja yksi kirjoittajista.)<\/p>\n<p>Sankaruus ja arki. Suomen 50-luvun milj\u00f6\u00f6. Heroism and the everyday. Building Finland in the 1950s. Suomen rakennustaiteen museo 1994. (Toimittaja ja yksi kirjoittajista.)<\/p>\n<p>Rakennettu maisema. Suomen arkkitehtuurin vuosisadat. Otava 1993. (Julk, my\u00f6s englanniksi, saksaksi, ranskaksi, italiaksi, espanjaksi)<\/p>\n<p>Suomen arkkitehtuurin \u00e4\u00e4riviivat. Otava 2005.<\/p>\n<p>(sama englanniksi) Wood, Stone and Steel. Otava 2005.<\/p>\n<p>The Inter-War Period: the Architecture of the Young Republic. Kirjassa 20th-Century Architecture. Finland. Ed:s Marja-Riitta Norri, Elina Standertskj\u00f6ld, Wilfried Wang. Museum of Finnish Architecture 2000. S. 38-69.<\/p>\n<p>Focus on Finnish 20th century architecture and town planning. Collected papers by Riitta Nikula. Helsinki University Press 2006.<\/p>\n<p>Suomalainen rivitalo. Ty\u00f6v\u00e4enasunnosta keskiluokan unelmaksi. SKS 2014.<\/p>\n<p>Satavuotiaat rivihuvilat.  Kulosaaren Ribbingshof.  Sata vuotta rinnakkain.  Toimittanut Elina Sepp\u00e4l\u00e4.  SKS 2017, 27-33.<\/p>\n<p>Torpasta l\u00e4hi\u00f6\u00f6n &#8211; Suomen asuntorakentamisen pitk\u00e4 taival. Rakennetun Suomen tarina.  Toimittanut Harri Hautaj\u00e4rvi.  Rakennustieto Oy 2017, 24-59.<\/p>\n<p>(sama englanniksi) From crofts to suburbs &#8211; the epic journey of Finnish residential construction.  The Building of Finland. Rakennustieto Oy 2017.<\/p>\n<p>(sama ruotsiksi) Fr\u00e5n torp till f\u00f6rort  &#8211; det finska bostadsbyggandets l\u00e5nga resa. S\u00e5 byggdes Finland. Rakennustieto Oy 2017.<\/p>\n<p>Julk. jatkuvasti tieteellisi\u00e4 ja populaareja artikkeleita kokoomateoksissa ja erilaisissa lehdiss\u00e4, yht. n. 200.<\/p>\n<p><strong>Huomionosoitukset<\/strong><\/p>\n<p>Tieto Finlandia, kunniamaininta 1989 (Lindgren),&nbsp;Suomen Taideyhdistyksen taidekirjapalkinto 1991 (Bryggman),&nbsp;Architecta ry:n kunniaj\u00e4sen 1992,&nbsp;Suomalaisen tiedekatemian j\u00e4sen 1993,&nbsp;Kungl. vetenskaps- och vitterhetssamh\u00e4llet i G\u00f6teborg, ulkomainen j\u00e4sen 1997,&nbsp;SVR R I,&nbsp;Suomen rakennustaiteen museon pronssinen ansiomitali 2006,&nbsp;Wihurin rahaston kunniapalkinto 2007,&nbsp;Eesti Kunstiakadeemia kunniatohtori 2007,&nbsp;Helsingin kaupungin kultainen Helsinki-mitali 2009, SAFA n ansiomerkki 24.11.2016 vaikuttavasta ty\u00f6st\u00e4 arkkitehtuurin, kaupunkisuunnittelun ja rakennussuojelun alalla.<\/p>\n","protected":false},"excerpt":{"rendered":"<p>Riitta Nikula&nbsp;&nbsp; s. 15.3.1944 Filosofian tohtori, Helsingin yliopisto 1981. P\u00e4\u00e4ty\u00f6t Helsingin yliopiston taidehistorian professori 1994-2007. Suomen rakennustaiteen museon tutkimusp\u00e4\u00e4llikk\u00f6 1988-94. Suomen akatemian ja Helsingin yliopiston eri viroissa 1970-88. Suomen rakennustaiteen museon palveluksessa 1967-70. Ilta-Sanomien teatteritoimittaja 1965-67. Toiminta tutkijakoulutuksessa Suomen akatemian tutkimushankkeet:&nbsp;Nainen, taide, historia 1985,&nbsp;Arjen taidehistoria 1990 Taidehistorian valtakunnallisen tutkijakoulun johtaja 1999-2007. Viron Taideakatemian tohtorineuvoston j\u00e4sen [&hellip;]<\/p>\n","protected":false},"author":1,"featured_media":0,"parent":0,"menu_order":0,"comment_status":"closed","ping_status":"closed","template":"","meta":{"_monsterinsights_skip_tracking":false,"_monsterinsights_sitenote_active":false,"_monsterinsights_sitenote_note":"","_monsterinsights_sitenote_category":0,"footnotes":""},"class_list":["post-24","page","type-page","status-publish","hentry"],"jetpack_sharing_enabled":true,"_links":{"self":[{"href":"https:\/\/riittanikula.fi\/index.php?rest_route=\/wp\/v2\/pages\/24","targetHints":{"allow":["GET"]}}],"collection":[{"href":"https:\/\/riittanikula.fi\/index.php?rest_route=\/wp\/v2\/pages"}],"about":[{"href":"https:\/\/riittanikula.fi\/index.php?rest_route=\/wp\/v2\/types\/page"}],"author":[{"embeddable":true,"href":"https:\/\/riittanikula.fi\/index.php?rest_route=\/wp\/v2\/users\/1"}],"replies":[{"embeddable":true,"href":"https:\/\/riittanikula.fi\/index.php?rest_route=%2Fwp%2Fv2%2Fcomments&post=24"}],"version-history":[{"count":14,"href":"https:\/\/riittanikula.fi\/index.php?rest_route=\/wp\/v2\/pages\/24\/revisions"}],"predecessor-version":[{"id":126,"href":"https:\/\/riittanikula.fi\/index.php?rest_route=\/wp\/v2\/pages\/24\/revisions\/126"}],"wp:attachment":[{"href":"https:\/\/riittanikula.fi\/index.php?rest_route=%2Fwp%2Fv2%2Fmedia&parent=24"}],"curies":[{"name":"wp","href":"https:\/\/api.w.org\/{rel}","templated":true}]}}