{"id":33,"date":"2015-02-15T13:03:23","date_gmt":"2015-02-15T13:03:23","guid":{"rendered":"http:\/\/riittanikula.fi\/?page_id=33"},"modified":"2022-12-29T16:37:53","modified_gmt":"2022-12-29T16:37:53","slug":"etusivu","status":"publish","type":"page","link":"https:\/\/riittanikula.fi\/","title":{"rendered":"Etusivu"},"content":{"rendered":"\n<figure class=\"wp-block-image size-full\"><a href=\"https:\/\/riittanikula.fi\/wp-content\/uploads\/2015\/09\/Marik_nikula-660x440.jpg\"><img loading=\"lazy\" decoding=\"async\" width=\"660\" height=\"440\" src=\"https:\/\/riittanikula.fi\/wp-content\/uploads\/2015\/09\/Marik_nikula-660x440.jpg\" alt=\"\" class=\"wp-image-72\" srcset=\"https:\/\/riittanikula.fi\/wp-content\/uploads\/2015\/09\/Marik_nikula-660x440.jpg 660w, https:\/\/riittanikula.fi\/wp-content\/uploads\/2015\/09\/Marik_nikula-660x440-300x200.jpg 300w, https:\/\/riittanikula.fi\/wp-content\/uploads\/2015\/09\/Marik_nikula-660x440-624x416.jpg 624w\" sizes=\"auto, (max-width: 660px) 100vw, 660px\" \/><\/a><\/figure>\n\n\n\n<p>Taidehistorian tutkijana olen eniten kiinnostunut arkisista asioista ja 1900-luvusta. Miksi paikat, kaupunginosat, torit, kadut, aukiot ja talot n\u00e4ytt\u00e4v\u00e4t juuri silt\u00e4 kuin ne n\u00e4ytt\u00e4v\u00e4t? Monumentit ja mestarit ovat vahvan tutkimusperinteen ansiosta tavallisia ymp\u00e4rist\u00f6j\u00e4 paremmin turvassa uutta suunniteltaessa.<\/p>\n\n\n\n<p>L\u00f6ysin tutkimuskohteeksi asemakaavoituksen tehdess\u00e4ni 1960-luvulla gradua 1920-luvun arkkitehtuurista, silloin v\u00e4heksytyst\u00e4 klassismista, jonka yhten\u00e4isi\u00e4 alueita Helsingiss\u00e4 ovat Etu-T\u00f6\u00f6l\u00f6 ja Uusi Vallila.<\/p>\n\n\n\n<p>Asumisen ja kaupunkien tarkastelussa painopiste siirtyi sitten 1950 luvulle. Uusin kirjani keskittyy rivitaloihin aikav\u00e4lill\u00e4 1900-1960.<\/p>\n\n\n\n<p>Taidehistorian koulutuksella kaupunkitutkimus on vahvoilla tutkiessaan asemakaavoitusta ja rakennusten arkkitehtuuria samassa yht\u00e4l\u00f6ss\u00e4. Rakennetun ymp\u00e4rist\u00f6n ajalliset kerrostumat voi purkaa vain perehtym\u00e4ll\u00e4 nopeasti vaihtuvien rakennustapojen, tyylien ja muotien historiaan. Joka hetkell\u00e4 on omat arvonsa, toiveensa, mahdollisuutensa ja rajoituksensa.<\/p>\n\n\n\n<p>Julkaisuni ja toimintani on liittynyt rakennussuojeluun.<\/p>\n","protected":false},"excerpt":{"rendered":"<p>Taidehistorian tutkijana olen eniten kiinnostunut arkisista asioista ja 1900-luvusta. Miksi paikat, kaupunginosat, torit, kadut, aukiot ja talot n\u00e4ytt\u00e4v\u00e4t juuri silt\u00e4 kuin ne n\u00e4ytt\u00e4v\u00e4t? Monumentit ja mestarit ovat vahvan tutkimusperinteen ansiosta tavallisia ymp\u00e4rist\u00f6j\u00e4 paremmin turvassa uutta suunniteltaessa. L\u00f6ysin tutkimuskohteeksi asemakaavoituksen tehdess\u00e4ni 1960-luvulla gradua 1920-luvun arkkitehtuurista, silloin v\u00e4heksytyst\u00e4 klassismista, jonka yhten\u00e4isi\u00e4 alueita Helsingiss\u00e4 ovat Etu-T\u00f6\u00f6l\u00f6 ja Uusi [&hellip;]<\/p>\n","protected":false},"author":1,"featured_media":0,"parent":0,"menu_order":0,"comment_status":"closed","ping_status":"closed","template":"","meta":{"_monsterinsights_skip_tracking":false,"_monsterinsights_sitenote_active":false,"_monsterinsights_sitenote_note":"","_monsterinsights_sitenote_category":0,"footnotes":""},"class_list":["post-33","page","type-page","status-publish","hentry"],"jetpack_sharing_enabled":true,"_links":{"self":[{"href":"https:\/\/riittanikula.fi\/index.php?rest_route=\/wp\/v2\/pages\/33","targetHints":{"allow":["GET"]}}],"collection":[{"href":"https:\/\/riittanikula.fi\/index.php?rest_route=\/wp\/v2\/pages"}],"about":[{"href":"https:\/\/riittanikula.fi\/index.php?rest_route=\/wp\/v2\/types\/page"}],"author":[{"embeddable":true,"href":"https:\/\/riittanikula.fi\/index.php?rest_route=\/wp\/v2\/users\/1"}],"replies":[{"embeddable":true,"href":"https:\/\/riittanikula.fi\/index.php?rest_route=%2Fwp%2Fv2%2Fcomments&post=33"}],"version-history":[{"count":8,"href":"https:\/\/riittanikula.fi\/index.php?rest_route=\/wp\/v2\/pages\/33\/revisions"}],"predecessor-version":[{"id":136,"href":"https:\/\/riittanikula.fi\/index.php?rest_route=\/wp\/v2\/pages\/33\/revisions\/136"}],"wp:attachment":[{"href":"https:\/\/riittanikula.fi\/index.php?rest_route=%2Fwp%2Fv2%2Fmedia&parent=33"}],"curies":[{"name":"wp","href":"https:\/\/api.w.org\/{rel}","templated":true}]}}